{"id":12,"date":"2024-01-06T18:21:39","date_gmt":"2024-01-06T18:21:39","guid":{"rendered":"https:\/\/sambhali-swiss.ch\/?page_id=12"},"modified":"2025-03-06T07:36:21","modified_gmt":"2025-03-06T07:36:21","slug":"verein-sambhali-trust-swiss","status":"publish","type":"page","link":"https:\/\/sambhali-swiss.ch\/index.php\/verein-sambhali-trust-swiss\/","title":{"rendered":"Verein Sambhali Trust Swiss"},"content":{"rendered":"\n<p>Sambhali Trust Swiss  unterst\u00fctzt Frauen und Kinder in Indien. Der Verein wurde am 1.Juni 2023 neu gegr\u00fcndet. <\/p>\n\n\n\n<h4 class=\"wp-block-heading\">Vorstand<\/h4>\n\n\n\n<figure class=\"wp-block-image size-large\"><img loading=\"lazy\" decoding=\"async\" width=\"1024\" height=\"619\" src=\"https:\/\/sambhali-swiss.ch\/wp-content\/uploads\/2024\/01\/IMG_3652-1024x619.jpeg\" alt=\"\" class=\"wp-image-54\" srcset=\"https:\/\/sambhali-swiss.ch\/wp-content\/uploads\/2024\/01\/IMG_3652-1024x619.jpeg 1024w, https:\/\/sambhali-swiss.ch\/wp-content\/uploads\/2024\/01\/IMG_3652-300x181.jpeg 300w, https:\/\/sambhali-swiss.ch\/wp-content\/uploads\/2024\/01\/IMG_3652-768x464.jpeg 768w, https:\/\/sambhali-swiss.ch\/wp-content\/uploads\/2024\/01\/IMG_3652-1536x929.jpeg 1536w, https:\/\/sambhali-swiss.ch\/wp-content\/uploads\/2024\/01\/IMG_3652-2048x1238.jpeg 2048w, https:\/\/sambhali-swiss.ch\/wp-content\/uploads\/2024\/01\/IMG_3652-1568x948.jpeg 1568w\" sizes=\"auto, (max-width: 1024px) 100vw, 1024px\" \/><\/figure>\n\n\n\n<p class=\"has-text-align-left\"><\/p>\n\n\n\n<p>Rita M\u00fchlebach, Pr\u00e4sidentin<\/p>\n\n\n\n<p>Ernestine Badengruber, Sambhali Austria<\/p>\n\n\n\n<p>Veronika G\u00f6pfert, Kassiererin<\/p>\n\n\n\n<p>Max Lehmann, Beisitzer<\/p>\n\n\n\n<p><\/p>\n\n\n\n<p><strong>Rita M\u00fchlebach<\/strong> ist Pr\u00e4sidentin des Vereins Sambhali Swiss seit 2024. Sie reiste zusammen mit Max Lehmann im Sp\u00e4therbst 2007 nach Rajasthan. Dort lernte sie Govind und Sambhali Trust kennen. <\/p>\n\n\n\n<p><em>Ich bin beeindruckt vom unabl\u00e4ssigen Engagement von Govind Rathore. Mit grosser Zuverl\u00e4ssigkeit und viel Feingesp\u00fcr managt er die vielen Schulungsprojekte seit \u00fcber 15 Jahren. All diese Projekte zielen immer auf eine Verbesserung der Lebensgrundlagen von Frauen hin. Frauen haben in Indien bekannterweise schlechtere Lebensbedingungen und viel weniger Bildungsm\u00f6glichkeiten als M\u00e4nner.<\/em><\/p>\n\n\n\n<p><strong>Ernestine Badengruber<\/strong> ist sie seit 2008 aktiv im Beratungsteam von Sambhali Trust t\u00e4tig. Sie reist j\u00e4hrlich zwei Mal nach Indien und ist derzeit dort ehrenamtlich als Financial und als Administratorin t\u00e4tig.<\/p>\n\n\n\n<p><em>Ich unterst\u00fctze Sambhali, weil hier mit so viel Herzblut und Engagement gearbeitet wird. Obwohl bereits so viele Frauen und M\u00e4dchen im Projekt sind, wird jede mit ihrer individuellen Geschichte, ihren Bed\u00fcrfnissen und Lebenspl\u00e4nen ernst genommen. Mit sehr wenig Aufwand wird unglaublich viel im Leben dieser Menschen bewegt.<\/em><\/p>\n\n\n\n<p><strong>Max Lehmann<\/strong> reiste viele male mit diversen Reisgruppen nach Rajasthan. Govind Rathore der Gr\u00fcnder von Sambhali Trust f\u00fchrte die Gruppe durch diese bezaubernde Gegend. Die Reisegruppen verbrachten einige Tage in Govinds Guesthouse und bekamen einen umfangreichen Einblick in die Arbeit von Sambhali Trust. <\/p>\n\n\n\n<p><em>Seither unterst\u00fctze ich diese Projekte in jeder Hinsicht<\/em> <em>mit grosser \u00dcberzeugung<\/em><\/p>\n\n\n\n<p><strong>Veronika Goepfert <\/strong>lernte Sambhali Trust auf einer Indienreise 2019 w\u00e4hrend eines Sabbaticals kennen. Als Englisch Lehrerin wollte sie anschliessend ihre berufliches Wissen w\u00e4hrend vier Monaten als Volont\u00e4rin in das Projekt einbringen. Aufgrund der Corona Pandemie verbrachte sie lediglich 2 Monate mit Sambhali in Jodhpur und im l\u00e4ndlichen Setrawa. Diese Zeit wurde aufgrund des indischen Lockdowns zu einer sehr pr\u00e4genden Erfahrung f\u00fcr sie.<\/p>\n\n\n\n<p><em>Was mich an dem Projekt Sambhali zu Beginn interessierte, war der \u2018grassroot\u2019 Charakter des Projektes: eine Initiative, welche von Govind Rathore und engagierten Menschen in seinem nahen Umfeld getragen wird und sich aus den lokalen Verh\u00e4ltnissen in Jodhpur und Setrawa, einem Dorf in der W\u00fcste Thar, entwickelt hat. Insbesondere die Wochen, welche ich in Setrawa vebracht habe, haben mir gezeigt, wie fragil die \u00f6konomischen Lebensgrundlagen vieler Menschen in Rajasthan sind. Umso wichtiger ist es, die M\u00e4dchen und Frauen durch Bildung zu st\u00e4rken, damit sie wirtschaftlich unabh\u00e4ngiger werden!<\/em><\/p>\n\n\n\n<p><\/p>\n","protected":false},"excerpt":{"rendered":"<p>Sambhali Trust Swiss unterst\u00fctzt Frauen und Kinder in Indien. Der Verein wurde am 1.Juni 2023 neu gegr\u00fcndet. Vorstand Rita M\u00fchlebach, Pr\u00e4sidentin Ernestine Badengruber, Sambhali Austria Veronika G\u00f6pfert, Kassiererin Max Lehmann, Beisitzer Rita M\u00fchlebach ist Pr\u00e4sidentin des Vereins Sambhali Swiss seit 2024. Sie reiste zusammen mit Max Lehmann im Sp\u00e4therbst 2007 nach Rajasthan. Dort lernte sie&hellip; <a class=\"more-link\" href=\"https:\/\/sambhali-swiss.ch\/index.php\/verein-sambhali-trust-swiss\/\"><span class=\"screen-reader-text\">Verein Sambhali Trust Swiss<\/span> weiterlesen<\/a><\/p>\n","protected":false},"author":2,"featured_media":0,"parent":0,"menu_order":0,"comment_status":"closed","ping_status":"closed","template":"","meta":{"footnotes":""},"class_list":["post-12","page","type-page","status-publish","hentry","entry"],"yoast_head":"<!-- This site is optimized with the Yoast SEO plugin v27.4 - https:\/\/yoast.com\/product\/yoast-seo-wordpress\/ -->\n<title>Sambhali Swiss - Verein Sambhali Trust Swiss<\/title>\n<meta name=\"robots\" content=\"index, follow, max-snippet:-1, max-image-preview:large, max-video-preview:-1\" \/>\n<link rel=\"canonical\" href=\"https:\/\/sambhali-swiss.ch\/index.php\/verein-sambhali-trust-swiss\/\" \/>\n<meta property=\"og:locale\" content=\"de_DE\" \/>\n<meta property=\"og:type\" content=\"article\" \/>\n<meta property=\"og:title\" content=\"Sambhali Swiss - Verein Sambhali Trust Swiss\" \/>\n<meta property=\"og:description\" content=\"Sambhali Trust Swiss unterst\u00fctzt Frauen und Kinder in Indien. Der Verein wurde am 1.Juni 2023 neu gegr\u00fcndet. Vorstand Rita M\u00fchlebach, Pr\u00e4sidentin Ernestine Badengruber, Sambhali Austria Veronika G\u00f6pfert, Kassiererin Max Lehmann, Beisitzer Rita M\u00fchlebach ist Pr\u00e4sidentin des Vereins Sambhali Swiss seit 2024. Sie reiste zusammen mit Max Lehmann im Sp\u00e4therbst 2007 nach Rajasthan. Dort lernte sie&hellip; Verein Sambhali Trust Swiss weiterlesen\" \/>\n<meta property=\"og:url\" content=\"https:\/\/sambhali-swiss.ch\/index.php\/verein-sambhali-trust-swiss\/\" \/>\n<meta property=\"og:site_name\" content=\"Sambhali Swiss\" \/>\n<meta property=\"article:modified_time\" content=\"2025-03-06T07:36:21+00:00\" \/>\n<meta property=\"og:image\" content=\"https:\/\/sambhali-swiss.ch\/wp-content\/uploads\/2024\/01\/IMG_3652-scaled.jpeg\" \/>\n\t<meta property=\"og:image:width\" content=\"2560\" \/>\n\t<meta property=\"og:image:height\" content=\"1548\" \/>\n\t<meta property=\"og:image:type\" content=\"image\/jpeg\" \/>\n<meta name=\"twitter:card\" content=\"summary_large_image\" \/>\n<meta name=\"twitter:label1\" content=\"Gesch\u00e4tzte Lesezeit\" \/>\n\t<meta name=\"twitter:data1\" content=\"3\u00a0Minuten\" \/>\n<script type=\"application\/ld+json\" class=\"yoast-schema-graph\">{\"@context\":\"https:\\\/\\\/schema.org\",\"@graph\":[{\"@type\":\"WebPage\",\"@id\":\"https:\\\/\\\/sambhali-swiss.ch\\\/index.php\\\/verein-sambhali-trust-swiss\\\/\",\"url\":\"https:\\\/\\\/sambhali-swiss.ch\\\/index.php\\\/verein-sambhali-trust-swiss\\\/\",\"name\":\"Sambhali Swiss - Verein Sambhali Trust Swiss\",\"isPartOf\":{\"@id\":\"https:\\\/\\\/sambhali-swiss.ch\\\/#website\"},\"primaryImageOfPage\":{\"@id\":\"https:\\\/\\\/sambhali-swiss.ch\\\/index.php\\\/verein-sambhali-trust-swiss\\\/#primaryimage\"},\"image\":{\"@id\":\"https:\\\/\\\/sambhali-swiss.ch\\\/index.php\\\/verein-sambhali-trust-swiss\\\/#primaryimage\"},\"thumbnailUrl\":\"https:\\\/\\\/sambhali-swiss.ch\\\/wp-content\\\/uploads\\\/2024\\\/01\\\/IMG_3652-1024x619.jpeg\",\"datePublished\":\"2024-01-06T18:21:39+00:00\",\"dateModified\":\"2025-03-06T07:36:21+00:00\",\"breadcrumb\":{\"@id\":\"https:\\\/\\\/sambhali-swiss.ch\\\/index.php\\\/verein-sambhali-trust-swiss\\\/#breadcrumb\"},\"inLanguage\":\"de\",\"potentialAction\":[{\"@type\":\"ReadAction\",\"target\":[\"https:\\\/\\\/sambhali-swiss.ch\\\/index.php\\\/verein-sambhali-trust-swiss\\\/\"]}]},{\"@type\":\"ImageObject\",\"inLanguage\":\"de\",\"@id\":\"https:\\\/\\\/sambhali-swiss.ch\\\/index.php\\\/verein-sambhali-trust-swiss\\\/#primaryimage\",\"url\":\"https:\\\/\\\/sambhali-swiss.ch\\\/wp-content\\\/uploads\\\/2024\\\/01\\\/IMG_3652-scaled.jpeg\",\"contentUrl\":\"https:\\\/\\\/sambhali-swiss.ch\\\/wp-content\\\/uploads\\\/2024\\\/01\\\/IMG_3652-scaled.jpeg\",\"width\":2560,\"height\":1548},{\"@type\":\"BreadcrumbList\",\"@id\":\"https:\\\/\\\/sambhali-swiss.ch\\\/index.php\\\/verein-sambhali-trust-swiss\\\/#breadcrumb\",\"itemListElement\":[{\"@type\":\"ListItem\",\"position\":1,\"name\":\"Startseite\",\"item\":\"https:\\\/\\\/sambhali-swiss.ch\\\/\"},{\"@type\":\"ListItem\",\"position\":2,\"name\":\"Verein Sambhali Trust Swiss\"}]},{\"@type\":\"WebSite\",\"@id\":\"https:\\\/\\\/sambhali-swiss.ch\\\/#website\",\"url\":\"https:\\\/\\\/sambhali-swiss.ch\\\/\",\"name\":\"Sambhali Swiss\",\"description\":\"F\u00fcr ein w\u00fcrdevolles Leben\",\"publisher\":{\"@id\":\"https:\\\/\\\/sambhali-swiss.ch\\\/#organization\"},\"potentialAction\":[{\"@type\":\"SearchAction\",\"target\":{\"@type\":\"EntryPoint\",\"urlTemplate\":\"https:\\\/\\\/sambhali-swiss.ch\\\/?s={search_term_string}\"},\"query-input\":{\"@type\":\"PropertyValueSpecification\",\"valueRequired\":true,\"valueName\":\"search_term_string\"}}],\"inLanguage\":\"de\"},{\"@type\":\"Organization\",\"@id\":\"https:\\\/\\\/sambhali-swiss.ch\\\/#organization\",\"name\":\"Sambhali Swiss\",\"url\":\"https:\\\/\\\/sambhali-swiss.ch\\\/\",\"logo\":{\"@type\":\"ImageObject\",\"inLanguage\":\"de\",\"@id\":\"https:\\\/\\\/sambhali-swiss.ch\\\/#\\\/schema\\\/logo\\\/image\\\/\",\"url\":\"https:\\\/\\\/sambhali-swiss.ch\\\/wp-content\\\/uploads\\\/2024\\\/12\\\/cropped-cropped-android-chrome-512x512-1.png\",\"contentUrl\":\"https:\\\/\\\/sambhali-swiss.ch\\\/wp-content\\\/uploads\\\/2024\\\/12\\\/cropped-cropped-android-chrome-512x512-1.png\",\"width\":512,\"height\":512,\"caption\":\"Sambhali Swiss\"},\"image\":{\"@id\":\"https:\\\/\\\/sambhali-swiss.ch\\\/#\\\/schema\\\/logo\\\/image\\\/\"}}]}<\/script>\n<!-- \/ Yoast SEO plugin. -->","yoast_head_json":{"title":"Sambhali Swiss - Verein Sambhali Trust Swiss","robots":{"index":"index","follow":"follow","max-snippet":"max-snippet:-1","max-image-preview":"max-image-preview:large","max-video-preview":"max-video-preview:-1"},"canonical":"https:\/\/sambhali-swiss.ch\/index.php\/verein-sambhali-trust-swiss\/","og_locale":"de_DE","og_type":"article","og_title":"Sambhali Swiss - Verein Sambhali Trust Swiss","og_description":"Sambhali Trust Swiss unterst\u00fctzt Frauen und Kinder in Indien. Der Verein wurde am 1.Juni 2023 neu gegr\u00fcndet. Vorstand Rita M\u00fchlebach, Pr\u00e4sidentin Ernestine Badengruber, Sambhali Austria Veronika G\u00f6pfert, Kassiererin Max Lehmann, Beisitzer Rita M\u00fchlebach ist Pr\u00e4sidentin des Vereins Sambhali Swiss seit 2024. Sie reiste zusammen mit Max Lehmann im Sp\u00e4therbst 2007 nach Rajasthan. Dort lernte sie&hellip; Verein Sambhali Trust Swiss weiterlesen","og_url":"https:\/\/sambhali-swiss.ch\/index.php\/verein-sambhali-trust-swiss\/","og_site_name":"Sambhali Swiss","article_modified_time":"2025-03-06T07:36:21+00:00","og_image":[{"width":2560,"height":1548,"url":"https:\/\/sambhali-swiss.ch\/wp-content\/uploads\/2024\/01\/IMG_3652-scaled.jpeg","type":"image\/jpeg"}],"twitter_card":"summary_large_image","twitter_misc":{"Gesch\u00e4tzte Lesezeit":"3\u00a0Minuten"},"schema":{"@context":"https:\/\/schema.org","@graph":[{"@type":"WebPage","@id":"https:\/\/sambhali-swiss.ch\/index.php\/verein-sambhali-trust-swiss\/","url":"https:\/\/sambhali-swiss.ch\/index.php\/verein-sambhali-trust-swiss\/","name":"Sambhali Swiss - Verein Sambhali Trust Swiss","isPartOf":{"@id":"https:\/\/sambhali-swiss.ch\/#website"},"primaryImageOfPage":{"@id":"https:\/\/sambhali-swiss.ch\/index.php\/verein-sambhali-trust-swiss\/#primaryimage"},"image":{"@id":"https:\/\/sambhali-swiss.ch\/index.php\/verein-sambhali-trust-swiss\/#primaryimage"},"thumbnailUrl":"https:\/\/sambhali-swiss.ch\/wp-content\/uploads\/2024\/01\/IMG_3652-1024x619.jpeg","datePublished":"2024-01-06T18:21:39+00:00","dateModified":"2025-03-06T07:36:21+00:00","breadcrumb":{"@id":"https:\/\/sambhali-swiss.ch\/index.php\/verein-sambhali-trust-swiss\/#breadcrumb"},"inLanguage":"de","potentialAction":[{"@type":"ReadAction","target":["https:\/\/sambhali-swiss.ch\/index.php\/verein-sambhali-trust-swiss\/"]}]},{"@type":"ImageObject","inLanguage":"de","@id":"https:\/\/sambhali-swiss.ch\/index.php\/verein-sambhali-trust-swiss\/#primaryimage","url":"https:\/\/sambhali-swiss.ch\/wp-content\/uploads\/2024\/01\/IMG_3652-scaled.jpeg","contentUrl":"https:\/\/sambhali-swiss.ch\/wp-content\/uploads\/2024\/01\/IMG_3652-scaled.jpeg","width":2560,"height":1548},{"@type":"BreadcrumbList","@id":"https:\/\/sambhali-swiss.ch\/index.php\/verein-sambhali-trust-swiss\/#breadcrumb","itemListElement":[{"@type":"ListItem","position":1,"name":"Startseite","item":"https:\/\/sambhali-swiss.ch\/"},{"@type":"ListItem","position":2,"name":"Verein Sambhali Trust Swiss"}]},{"@type":"WebSite","@id":"https:\/\/sambhali-swiss.ch\/#website","url":"https:\/\/sambhali-swiss.ch\/","name":"Sambhali Swiss","description":"F\u00fcr ein w\u00fcrdevolles Leben","publisher":{"@id":"https:\/\/sambhali-swiss.ch\/#organization"},"potentialAction":[{"@type":"SearchAction","target":{"@type":"EntryPoint","urlTemplate":"https:\/\/sambhali-swiss.ch\/?s={search_term_string}"},"query-input":{"@type":"PropertyValueSpecification","valueRequired":true,"valueName":"search_term_string"}}],"inLanguage":"de"},{"@type":"Organization","@id":"https:\/\/sambhali-swiss.ch\/#organization","name":"Sambhali Swiss","url":"https:\/\/sambhali-swiss.ch\/","logo":{"@type":"ImageObject","inLanguage":"de","@id":"https:\/\/sambhali-swiss.ch\/#\/schema\/logo\/image\/","url":"https:\/\/sambhali-swiss.ch\/wp-content\/uploads\/2024\/12\/cropped-cropped-android-chrome-512x512-1.png","contentUrl":"https:\/\/sambhali-swiss.ch\/wp-content\/uploads\/2024\/12\/cropped-cropped-android-chrome-512x512-1.png","width":512,"height":512,"caption":"Sambhali Swiss"},"image":{"@id":"https:\/\/sambhali-swiss.ch\/#\/schema\/logo\/image\/"}}]}},"_links":{"self":[{"href":"https:\/\/sambhali-swiss.ch\/index.php\/wp-json\/wp\/v2\/pages\/12","targetHints":{"allow":["GET"]}}],"collection":[{"href":"https:\/\/sambhali-swiss.ch\/index.php\/wp-json\/wp\/v2\/pages"}],"about":[{"href":"https:\/\/sambhali-swiss.ch\/index.php\/wp-json\/wp\/v2\/types\/page"}],"author":[{"embeddable":true,"href":"https:\/\/sambhali-swiss.ch\/index.php\/wp-json\/wp\/v2\/users\/2"}],"replies":[{"embeddable":true,"href":"https:\/\/sambhali-swiss.ch\/index.php\/wp-json\/wp\/v2\/comments?post=12"}],"version-history":[{"count":8,"href":"https:\/\/sambhali-swiss.ch\/index.php\/wp-json\/wp\/v2\/pages\/12\/revisions"}],"predecessor-version":[{"id":102,"href":"https:\/\/sambhali-swiss.ch\/index.php\/wp-json\/wp\/v2\/pages\/12\/revisions\/102"}],"wp:attachment":[{"href":"https:\/\/sambhali-swiss.ch\/index.php\/wp-json\/wp\/v2\/media?parent=12"}],"curies":[{"name":"wp","href":"https:\/\/api.w.org\/{rel}","templated":true}]}}