{"id":18,"date":"2024-01-06T18:20:40","date_gmt":"2024-01-06T18:20:40","guid":{"rendered":"https:\/\/sambhali-swiss.ch\/?page_id=18"},"modified":"2024-12-16T00:16:44","modified_gmt":"2024-12-16T00:16:44","slug":"frauenschicksale","status":"publish","type":"page","link":"https:\/\/sambhali-swiss.ch\/index.php\/frauenschicksale\/","title":{"rendered":"Frauenschicksale"},"content":{"rendered":"\n<p><strong>Geschichten von Frauen die Empowermentcenters in Jodhpur besuchen<\/strong><\/p>\n\n\n\n<p><strong>Saziya<\/strong>&nbsp;(17) hat 5 Br\u00fcder und 2 Schwestern. Seit ihr Vater nicht mehr arbeitet lebt die Familie vom Einkommen des \u00e4ltesten Bruders. Saziya und ihre Mutter sind von h\u00e4uslicher Gewalt betroffen. Bevor sie zu Sambhali kam, durfte sie das Haus nicht verlassen. Die Schule hat sie nie besucht. Ihre Mutter setzte sich f\u00fcr sie ein und \u00fcberredete den Vater ihr den Schulbesuch zu erm\u00f6glichen. Jedoch dauerte es zus\u00e4tzlich zur Beschaffung der erforderlichen Dokumente zu lange, sodass sie zu alt war um sie in einer Schule anmelden zu k\u00f6nnen. Sie freut sich aber, dass ihre Schwester die Schule besuchen und in das Primary Education Center von Sambhali gehen kann sowie dort unterst\u00fctzt wird. Saziya kommt seit eineinhalb Monaten in das Center um n\u00e4hen zu lernen und sp\u00e4ter Geld zu verdienen. Somit kann sie auch Geld sparen, indem sie Kleidung f\u00fcr sich und ihre Familie selbst n\u00e4ht.<\/p>\n\n\n\n<p><strong>Soni<\/strong>&nbsp;<strong>Ji<\/strong>&nbsp;(35) ist verheiratet und hat 7 Kinder. Sie ist seit einem Jahr bei Sambhali im Education and Vocational Training Programm. Sie wohnt in der Nachbarschaft des Centers. Sie wollte schon immer n\u00e4hen lernen. Ihr Mann hat ihr verboten das Haus zu verlassen sowie in das Center zu gehen. Er unterstellte ihr dort eine Aff\u00e4re und wurde dann zu Hause gewaltt\u00e4tig sowohl ihr als auch den Kindern gegen\u00fcber, die ihre Mutter zu sch\u00fctzen versuchten. Diesbez\u00fcglich wendete sie sich an die Lehrerinnen, die ihren Mann in das Center baten und mit ihm sprachen. Seither erf\u00e4hrt sie zwar keine Gewalt mehr, ist aber dennoch dem t\u00e4glichen Missbrauch ausgesetzt. Im Center lernt Soni Ji einerseits n\u00e4hen und somit ihre finanzielle Zukunft mitzugestalten und andererseits hat sie die M\u00f6glichkeit ihrem Zuhause f\u00fcr ein paar Stunden zu entfliehen. Soni Ji hat seitdem sie ins Center kommt an St\u00e4rke und Selbstvertrauen gewonnen. Sie befindet sich zudem in der Selbsthilfegruppe. Auch wenn der Weg noch weit sein mag, hat Soni Ji mit dem Eintritt ins Center einen Schritt in ein besseres Leben f\u00fcr sie und ihre Kinder geschafft.<\/p>\n\n\n\n<p><strong>Baayaa&nbsp;<\/strong>(18) kommt seit 9 Monaten ins Empowermentcenter. Sie lebt mit ihrem Vater, ihrer Gro\u00dfmutter und ihrem Bruder (10) zusammen. Ihre Mutter ist vor ein paar Jahren verstorben. Ihr Vater konsumiert trotz einer Leberfehlfunktion viel Alkohol. Baayaa hat nie eine Schule besucht. Sie wei\u00df, dass Bildung f\u00fcr ihre Unabh\u00e4ngigkeit wichtig ist. Diese junge Frau lernt N\u00e4hen um Geld zu verdienen und erhofft sich damit eine w\u00fcrdevollere Zukunft. F\u00fcr Baayaa ist das Center unter anderem ein Ort, an dem sie eine Grundbildung bekommt, Techniken der Selbstverteidigung lernt und ihre Zukunft gestalten m\u00f6chte. Sie will sich auch im Beautybereich weiterbilden.<\/p>\n\n\n\n<p><strong>Bhumika,&nbsp;<\/strong>(16)<strong>&nbsp;wird durch eine Schulpatenschaft unterst\u00fctzt;<\/strong>&nbsp;Sie lebt mit ihrem \u00e4lteren Bruder und ihrer Gro\u00dfmutter zusammen. Ihre Mutter starb an einem Selbstmord vor 8 Jahren und ihr alkoholkranker Vater k\u00fcmmert sich nicht um die Kinder. Die Gro\u00dfmutter ist Witwe. Ihre Pension reicht gerade f\u00fcr die meisten Haushaltsausgaben. Seit 2014 wird diese Familie mit einer Schulpatenschaft durch Sambhali unterst\u00fctzt. Bhumika besucht nun die 7. Klasse, ist eine gute Sch\u00fclerin und wird von ihrer Gro\u00dfmutter unterst\u00fctzt, damit ihre Enkelin durch die Bildung bessere Zukunftschancen hat.<\/p>\n\n\n\n<figure class=\"wp-block-image\"><img decoding=\"async\" src=\"https:\/\/www.sambhali-austria.at\/wp-content\/uploads\/2023\/08\/image-7.png\" alt=\"\" class=\"wp-image-388\"\/><\/figure>\n\n\n\n<p><strong>Rani Devi&nbsp;<\/strong>(45) ist&nbsp;<strong>aus Setrawa<\/strong>. Sie ist seit eineinhalb Jahren Witwe und Mitglied einer Selbsthilfegruppe. Ihr Ehemann starb an Tuberkulose. Er arbeitete schwer in einem Steinbruch. Rani ist Mutter von neun Kindern; vier ihrer Kinder wurden schon im Kindesalter verheiratet. Rani geh\u00f6rt der Dalit Gemeinschaft (Unber\u00fchrbare) an und bettelt im Dorf f\u00fcr das \u00dcberleben ihrer Familie. Rani ist krank und leidet unter Schmerzen in der Brust. Durch Sambhali konnte sie in Jodhpur untergebracht werden und eine Behandlung bekommen. Sie kann ein Darlehen \u00fcber die Selbsthilfegruppe bekommen um ein kleines Unternehmen zu starten. So kann sie f\u00fcr ihre Familie Geld verdienen und muss nicht mehr betteln gehen. Ihr j\u00fcngstes Kind ist acht Jahre alt.<\/p>\n","protected":false},"excerpt":{"rendered":"<p>Geschichten von Frauen die Empowermentcenters in Jodhpur besuchen Saziya&nbsp;(17) hat 5 Br\u00fcder und 2 Schwestern. Seit ihr Vater nicht mehr arbeitet lebt die Familie vom Einkommen des \u00e4ltesten Bruders. Saziya und ihre Mutter sind von h\u00e4uslicher Gewalt betroffen. Bevor sie zu Sambhali kam, durfte sie das Haus nicht verlassen. Die Schule hat sie nie besucht.&hellip; <a class=\"more-link\" href=\"https:\/\/sambhali-swiss.ch\/index.php\/frauenschicksale\/\"><span class=\"screen-reader-text\">Frauenschicksale<\/span> weiterlesen<\/a><\/p>\n","protected":false},"author":2,"featured_media":0,"parent":0,"menu_order":0,"comment_status":"closed","ping_status":"closed","template":"","meta":{"footnotes":""},"class_list":["post-18","page","type-page","status-publish","hentry","entry"],"yoast_head":"<!-- This site is optimized with the Yoast SEO plugin v27.4 - https:\/\/yoast.com\/product\/yoast-seo-wordpress\/ -->\n<title>Sambhali Swiss - Frauenschicksale<\/title>\n<meta name=\"description\" content=\"Geschichten von Frauen die Emppowermentcenters in Jodhpur besuchen arbeiten leben Familie Einkommen Bruder Gewalt Mutter\" \/>\n<meta name=\"robots\" content=\"index, follow, max-snippet:-1, max-image-preview:large, max-video-preview:-1\" \/>\n<link rel=\"canonical\" href=\"https:\/\/sambhali-swiss.ch\/index.php\/frauenschicksale\/\" \/>\n<meta property=\"og:locale\" content=\"de_DE\" \/>\n<meta property=\"og:type\" content=\"article\" \/>\n<meta property=\"og:title\" content=\"Sambhali Swiss - Frauenschicksale\" \/>\n<meta property=\"og:description\" content=\"Geschichten von Frauen die Emppowermentcenters in Jodhpur besuchen arbeiten leben Familie Einkommen Bruder Gewalt Mutter\" \/>\n<meta property=\"og:url\" content=\"https:\/\/sambhali-swiss.ch\/index.php\/frauenschicksale\/\" \/>\n<meta property=\"og:site_name\" content=\"Sambhali Swiss\" \/>\n<meta property=\"article:modified_time\" content=\"2024-12-16T00:16:44+00:00\" \/>\n<meta property=\"og:image\" content=\"https:\/\/sambhali-swiss.ch\/wp-content\/uploads\/2024\/12\/logo-sambhali-swiss-1.png\" \/>\n\t<meta property=\"og:image:width\" content=\"3546\" \/>\n\t<meta property=\"og:image:height\" content=\"978\" \/>\n\t<meta property=\"og:image:type\" content=\"image\/png\" \/>\n<meta name=\"twitter:card\" content=\"summary_large_image\" \/>\n<meta name=\"twitter:label1\" content=\"Gesch\u00e4tzte Lesezeit\" \/>\n\t<meta name=\"twitter:data1\" content=\"4\u00a0Minuten\" \/>\n<script type=\"application\/ld+json\" class=\"yoast-schema-graph\">{\"@context\":\"https:\\\/\\\/schema.org\",\"@graph\":[{\"@type\":\"WebPage\",\"@id\":\"https:\\\/\\\/sambhali-swiss.ch\\\/index.php\\\/frauenschicksale\\\/\",\"url\":\"https:\\\/\\\/sambhali-swiss.ch\\\/index.php\\\/frauenschicksale\\\/\",\"name\":\"Sambhali Swiss - Frauenschicksale\",\"isPartOf\":{\"@id\":\"https:\\\/\\\/sambhali-swiss.ch\\\/#website\"},\"primaryImageOfPage\":{\"@id\":\"https:\\\/\\\/sambhali-swiss.ch\\\/index.php\\\/frauenschicksale\\\/#primaryimage\"},\"image\":{\"@id\":\"https:\\\/\\\/sambhali-swiss.ch\\\/index.php\\\/frauenschicksale\\\/#primaryimage\"},\"thumbnailUrl\":\"https:\\\/\\\/www.sambhali-austria.at\\\/wp-content\\\/uploads\\\/2023\\\/08\\\/image-7.png\",\"datePublished\":\"2024-01-06T18:20:40+00:00\",\"dateModified\":\"2024-12-16T00:16:44+00:00\",\"description\":\"Geschichten von Frauen die Emppowermentcenters in Jodhpur besuchen arbeiten leben Familie Einkommen Bruder Gewalt Mutter\",\"breadcrumb\":{\"@id\":\"https:\\\/\\\/sambhali-swiss.ch\\\/index.php\\\/frauenschicksale\\\/#breadcrumb\"},\"inLanguage\":\"de\",\"potentialAction\":[{\"@type\":\"ReadAction\",\"target\":[\"https:\\\/\\\/sambhali-swiss.ch\\\/index.php\\\/frauenschicksale\\\/\"]}]},{\"@type\":\"ImageObject\",\"inLanguage\":\"de\",\"@id\":\"https:\\\/\\\/sambhali-swiss.ch\\\/index.php\\\/frauenschicksale\\\/#primaryimage\",\"url\":\"https:\\\/\\\/www.sambhali-austria.at\\\/wp-content\\\/uploads\\\/2023\\\/08\\\/image-7.png\",\"contentUrl\":\"https:\\\/\\\/www.sambhali-austria.at\\\/wp-content\\\/uploads\\\/2023\\\/08\\\/image-7.png\"},{\"@type\":\"BreadcrumbList\",\"@id\":\"https:\\\/\\\/sambhali-swiss.ch\\\/index.php\\\/frauenschicksale\\\/#breadcrumb\",\"itemListElement\":[{\"@type\":\"ListItem\",\"position\":1,\"name\":\"Startseite\",\"item\":\"https:\\\/\\\/sambhali-swiss.ch\\\/\"},{\"@type\":\"ListItem\",\"position\":2,\"name\":\"Frauenschicksale\"}]},{\"@type\":\"WebSite\",\"@id\":\"https:\\\/\\\/sambhali-swiss.ch\\\/#website\",\"url\":\"https:\\\/\\\/sambhali-swiss.ch\\\/\",\"name\":\"Sambhali Swiss\",\"description\":\"F\u00fcr ein w\u00fcrdevolles Leben\",\"publisher\":{\"@id\":\"https:\\\/\\\/sambhali-swiss.ch\\\/#organization\"},\"potentialAction\":[{\"@type\":\"SearchAction\",\"target\":{\"@type\":\"EntryPoint\",\"urlTemplate\":\"https:\\\/\\\/sambhali-swiss.ch\\\/?s={search_term_string}\"},\"query-input\":{\"@type\":\"PropertyValueSpecification\",\"valueRequired\":true,\"valueName\":\"search_term_string\"}}],\"inLanguage\":\"de\"},{\"@type\":\"Organization\",\"@id\":\"https:\\\/\\\/sambhali-swiss.ch\\\/#organization\",\"name\":\"Sambhali Swiss\",\"url\":\"https:\\\/\\\/sambhali-swiss.ch\\\/\",\"logo\":{\"@type\":\"ImageObject\",\"inLanguage\":\"de\",\"@id\":\"https:\\\/\\\/sambhali-swiss.ch\\\/#\\\/schema\\\/logo\\\/image\\\/\",\"url\":\"https:\\\/\\\/sambhali-swiss.ch\\\/wp-content\\\/uploads\\\/2024\\\/12\\\/cropped-cropped-android-chrome-512x512-1.png\",\"contentUrl\":\"https:\\\/\\\/sambhali-swiss.ch\\\/wp-content\\\/uploads\\\/2024\\\/12\\\/cropped-cropped-android-chrome-512x512-1.png\",\"width\":512,\"height\":512,\"caption\":\"Sambhali Swiss\"},\"image\":{\"@id\":\"https:\\\/\\\/sambhali-swiss.ch\\\/#\\\/schema\\\/logo\\\/image\\\/\"}}]}<\/script>\n<!-- \/ Yoast SEO plugin. -->","yoast_head_json":{"title":"Sambhali Swiss - Frauenschicksale","description":"Geschichten von Frauen die Emppowermentcenters in Jodhpur besuchen arbeiten leben Familie Einkommen Bruder Gewalt Mutter","robots":{"index":"index","follow":"follow","max-snippet":"max-snippet:-1","max-image-preview":"max-image-preview:large","max-video-preview":"max-video-preview:-1"},"canonical":"https:\/\/sambhali-swiss.ch\/index.php\/frauenschicksale\/","og_locale":"de_DE","og_type":"article","og_title":"Sambhali Swiss - Frauenschicksale","og_description":"Geschichten von Frauen die Emppowermentcenters in Jodhpur besuchen arbeiten leben Familie Einkommen Bruder Gewalt Mutter","og_url":"https:\/\/sambhali-swiss.ch\/index.php\/frauenschicksale\/","og_site_name":"Sambhali Swiss","article_modified_time":"2024-12-16T00:16:44+00:00","og_image":[{"width":3546,"height":978,"url":"https:\/\/sambhali-swiss.ch\/wp-content\/uploads\/2024\/12\/logo-sambhali-swiss-1.png","type":"image\/png"}],"twitter_card":"summary_large_image","twitter_misc":{"Gesch\u00e4tzte Lesezeit":"4\u00a0Minuten"},"schema":{"@context":"https:\/\/schema.org","@graph":[{"@type":"WebPage","@id":"https:\/\/sambhali-swiss.ch\/index.php\/frauenschicksale\/","url":"https:\/\/sambhali-swiss.ch\/index.php\/frauenschicksale\/","name":"Sambhali Swiss - Frauenschicksale","isPartOf":{"@id":"https:\/\/sambhali-swiss.ch\/#website"},"primaryImageOfPage":{"@id":"https:\/\/sambhali-swiss.ch\/index.php\/frauenschicksale\/#primaryimage"},"image":{"@id":"https:\/\/sambhali-swiss.ch\/index.php\/frauenschicksale\/#primaryimage"},"thumbnailUrl":"https:\/\/www.sambhali-austria.at\/wp-content\/uploads\/2023\/08\/image-7.png","datePublished":"2024-01-06T18:20:40+00:00","dateModified":"2024-12-16T00:16:44+00:00","description":"Geschichten von Frauen die Emppowermentcenters in Jodhpur besuchen arbeiten leben Familie Einkommen Bruder Gewalt Mutter","breadcrumb":{"@id":"https:\/\/sambhali-swiss.ch\/index.php\/frauenschicksale\/#breadcrumb"},"inLanguage":"de","potentialAction":[{"@type":"ReadAction","target":["https:\/\/sambhali-swiss.ch\/index.php\/frauenschicksale\/"]}]},{"@type":"ImageObject","inLanguage":"de","@id":"https:\/\/sambhali-swiss.ch\/index.php\/frauenschicksale\/#primaryimage","url":"https:\/\/www.sambhali-austria.at\/wp-content\/uploads\/2023\/08\/image-7.png","contentUrl":"https:\/\/www.sambhali-austria.at\/wp-content\/uploads\/2023\/08\/image-7.png"},{"@type":"BreadcrumbList","@id":"https:\/\/sambhali-swiss.ch\/index.php\/frauenschicksale\/#breadcrumb","itemListElement":[{"@type":"ListItem","position":1,"name":"Startseite","item":"https:\/\/sambhali-swiss.ch\/"},{"@type":"ListItem","position":2,"name":"Frauenschicksale"}]},{"@type":"WebSite","@id":"https:\/\/sambhali-swiss.ch\/#website","url":"https:\/\/sambhali-swiss.ch\/","name":"Sambhali Swiss","description":"F\u00fcr ein w\u00fcrdevolles Leben","publisher":{"@id":"https:\/\/sambhali-swiss.ch\/#organization"},"potentialAction":[{"@type":"SearchAction","target":{"@type":"EntryPoint","urlTemplate":"https:\/\/sambhali-swiss.ch\/?s={search_term_string}"},"query-input":{"@type":"PropertyValueSpecification","valueRequired":true,"valueName":"search_term_string"}}],"inLanguage":"de"},{"@type":"Organization","@id":"https:\/\/sambhali-swiss.ch\/#organization","name":"Sambhali Swiss","url":"https:\/\/sambhali-swiss.ch\/","logo":{"@type":"ImageObject","inLanguage":"de","@id":"https:\/\/sambhali-swiss.ch\/#\/schema\/logo\/image\/","url":"https:\/\/sambhali-swiss.ch\/wp-content\/uploads\/2024\/12\/cropped-cropped-android-chrome-512x512-1.png","contentUrl":"https:\/\/sambhali-swiss.ch\/wp-content\/uploads\/2024\/12\/cropped-cropped-android-chrome-512x512-1.png","width":512,"height":512,"caption":"Sambhali Swiss"},"image":{"@id":"https:\/\/sambhali-swiss.ch\/#\/schema\/logo\/image\/"}}]}},"_links":{"self":[{"href":"https:\/\/sambhali-swiss.ch\/index.php\/wp-json\/wp\/v2\/pages\/18","targetHints":{"allow":["GET"]}}],"collection":[{"href":"https:\/\/sambhali-swiss.ch\/index.php\/wp-json\/wp\/v2\/pages"}],"about":[{"href":"https:\/\/sambhali-swiss.ch\/index.php\/wp-json\/wp\/v2\/types\/page"}],"author":[{"embeddable":true,"href":"https:\/\/sambhali-swiss.ch\/index.php\/wp-json\/wp\/v2\/users\/2"}],"replies":[{"embeddable":true,"href":"https:\/\/sambhali-swiss.ch\/index.php\/wp-json\/wp\/v2\/comments?post=18"}],"version-history":[{"count":1,"href":"https:\/\/sambhali-swiss.ch\/index.php\/wp-json\/wp\/v2\/pages\/18\/revisions"}],"predecessor-version":[{"id":19,"href":"https:\/\/sambhali-swiss.ch\/index.php\/wp-json\/wp\/v2\/pages\/18\/revisions\/19"}],"wp:attachment":[{"href":"https:\/\/sambhali-swiss.ch\/index.php\/wp-json\/wp\/v2\/media?parent=18"}],"curies":[{"name":"wp","href":"https:\/\/api.w.org\/{rel}","templated":true}]}}