{"id":21,"date":"2024-01-06T18:21:49","date_gmt":"2024-01-06T18:21:49","guid":{"rendered":"https:\/\/sambhali-swiss.ch\/?page_id=21"},"modified":"2024-12-15T23:57:33","modified_gmt":"2024-12-15T23:57:33","slug":"ziele","status":"publish","type":"page","link":"https:\/\/sambhali-swiss.ch\/index.php\/ziele\/","title":{"rendered":"Ziele"},"content":{"rendered":"\n<h4 class=\"wp-block-heading\">Wir glauben an die Kraft und an die F\u00e4higkeiten der Frauen und M\u00e4dchen.<\/h4>\n\n\n\n<figure class=\"wp-block-image\"><img decoding=\"async\" src=\"https:\/\/www.sambhali-austria.at\/wp-content\/uploads\/2023\/08\/image-2.png\" alt=\"\" class=\"wp-image-425\"\/><\/figure>\n\n\n\n<p>Das Ziel von Sambhali Trust und\u00a0<strong>Sambhali Schweiz <\/strong>ist es, Selbstwertgef\u00fchl, Unabh\u00e4ngigkeit, Sicherheit und Selbstverantwortung der unterprivilegierten indischen Frauen aufzubauen. Fast 18.000 Frauen und M\u00e4dchen konnte durch Vermittlung von Grundbildung, finanzieller Unterst\u00fctzung sowie Berufsausbildung zu Unabh\u00e4ngigkeit und sozialer Anerkennung verholfen werden. Wir arbeiten mit viel Engagement und einer Vielzahl von Projekten\u00a0<strong>direkt<\/strong>\u00a0mit den Frauen. Das Team in Indien besteht aus der Trust Managerin Shyama Tanwar, zahlreichen einheimischen, indischen Mitarbeiter*innen und Freiwilligen aus aller Welt.<\/p>\n\n\n\n<figure class=\"wp-block-image\"><img decoding=\"async\" src=\"https:\/\/www.sambhali-austria.at\/wp-content\/uploads\/2023\/08\/image-3.png\" alt=\"\" class=\"wp-image-426\"\/><\/figure>\n\n\n\n<p><strong>Sambhali<\/strong>&nbsp;m\u00f6chte den Frauen und M\u00e4dchen in der patriarchalischen Gesellschaft Rajasthans zu mehr Selbstwert, Eigenst\u00e4ndigkeit, Unabh\u00e4ngigkeit und Solidarit\u00e4t verhelfen. F\u00fcr diese Frauen sind aufgrund traditioneller Geschlechterrollen und religi\u00f6ser Br\u00e4uche auch rund 70 Jahre nach Gr\u00fcndung der Republik Armut, Gewalt und Diskriminierung Realit\u00e4t. In diesem Kontext gibt es kaum M\u00f6glichkeiten f\u00fcr Bildung, Informationszugang, medizinische Versorgung oder Erwerbst\u00e4tigkeit.<br>Wir im Sambhali Trust arbeiten daran, dies zu verbessern.<\/p>\n\n\n\n<figure class=\"wp-block-image\"><img decoding=\"async\" src=\"https:\/\/www.sambhali-austria.at\/wp-content\/uploads\/2023\/08\/image-10.png\" alt=\"\" class=\"wp-image-427\"\/><\/figure>\n\n\n\n<h4 class=\"wp-block-heading\">Die Herzensanliegen von Sambhali Schweiz<\/h4>\n\n\n\n<ul class=\"wp-block-list\">\n<li>Beitr\u00e4ge zu den Bildungsprogrammen<\/li>\n\n\n\n<li>Dotierung des SOS-Nothilfe-Projekts<\/li>\n\n\n\n<li>Mithilfe beim Ausbau der N\u00e4hstuben und beim Verkauf der Produkte<\/li>\n\n\n\n<li>Volontariate und Mithilfe vor Ort<\/li>\n<\/ul>\n\n\n\n<figure class=\"wp-block-image\"><img decoding=\"async\" src=\"https:\/\/www.sambhali-austria.at\/wp-content\/uploads\/2023\/08\/image-14.png\" alt=\"\" class=\"wp-image-428\"\/><\/figure>\n","protected":false},"excerpt":{"rendered":"<p>Wir glauben an die Kraft und an die F\u00e4higkeiten der Frauen und M\u00e4dchen. Das Ziel von Sambhali Trust und\u00a0Sambhali Schweiz ist es, Selbstwertgef\u00fchl, Unabh\u00e4ngigkeit, Sicherheit und Selbstverantwortung der unterprivilegierten indischen Frauen aufzubauen. Fast 18.000 Frauen und M\u00e4dchen konnte durch Vermittlung von Grundbildung, finanzieller Unterst\u00fctzung sowie Berufsausbildung zu Unabh\u00e4ngigkeit und sozialer Anerkennung verholfen werden. Wir arbeiten&hellip; <a class=\"more-link\" href=\"https:\/\/sambhali-swiss.ch\/index.php\/ziele\/\"><span class=\"screen-reader-text\">Ziele<\/span> weiterlesen<\/a><\/p>\n","protected":false},"author":2,"featured_media":0,"parent":0,"menu_order":0,"comment_status":"closed","ping_status":"closed","template":"","meta":{"footnotes":""},"class_list":["post-21","page","type-page","status-publish","hentry","entry"],"yoast_head":"<!-- This site is optimized with the Yoast SEO plugin v27.4 - https:\/\/yoast.com\/product\/yoast-seo-wordpress\/ -->\n<title>Sambhali Swiss - Ziele<\/title>\n<meta name=\"robots\" content=\"index, follow, max-snippet:-1, max-image-preview:large, max-video-preview:-1\" \/>\n<link rel=\"canonical\" href=\"https:\/\/sambhali-swiss.ch\/index.php\/ziele\/\" \/>\n<meta property=\"og:locale\" content=\"de_DE\" \/>\n<meta property=\"og:type\" content=\"article\" \/>\n<meta property=\"og:title\" content=\"Sambhali Swiss - Ziele\" \/>\n<meta property=\"og:description\" content=\"Wir glauben an die Kraft und an die F\u00e4higkeiten der Frauen und M\u00e4dchen. Das Ziel von Sambhali Trust und\u00a0Sambhali Schweiz ist es, Selbstwertgef\u00fchl, Unabh\u00e4ngigkeit, Sicherheit und Selbstverantwortung der unterprivilegierten indischen Frauen aufzubauen. Fast 18.000 Frauen und M\u00e4dchen konnte durch Vermittlung von Grundbildung, finanzieller Unterst\u00fctzung sowie Berufsausbildung zu Unabh\u00e4ngigkeit und sozialer Anerkennung verholfen werden. Wir arbeiten&hellip; Ziele weiterlesen\" \/>\n<meta property=\"og:url\" content=\"https:\/\/sambhali-swiss.ch\/index.php\/ziele\/\" \/>\n<meta property=\"og:site_name\" content=\"Sambhali Swiss\" \/>\n<meta property=\"article:modified_time\" content=\"2024-12-15T23:57:33+00:00\" \/>\n<meta property=\"og:image\" content=\"https:\/\/sambhali-swiss.ch\/wp-content\/uploads\/2024\/12\/logo-sambhali-swiss-1.png\" \/>\n\t<meta property=\"og:image:width\" content=\"3546\" \/>\n\t<meta property=\"og:image:height\" content=\"978\" \/>\n\t<meta property=\"og:image:type\" content=\"image\/png\" \/>\n<meta name=\"twitter:card\" content=\"summary_large_image\" \/>\n<meta name=\"twitter:label1\" content=\"Gesch\u00e4tzte Lesezeit\" \/>\n\t<meta name=\"twitter:data1\" content=\"2\u00a0Minuten\" \/>\n<script type=\"application\/ld+json\" class=\"yoast-schema-graph\">{\"@context\":\"https:\\\/\\\/schema.org\",\"@graph\":[{\"@type\":\"WebPage\",\"@id\":\"https:\\\/\\\/sambhali-swiss.ch\\\/index.php\\\/ziele\\\/\",\"url\":\"https:\\\/\\\/sambhali-swiss.ch\\\/index.php\\\/ziele\\\/\",\"name\":\"Sambhali Swiss - Ziele\",\"isPartOf\":{\"@id\":\"https:\\\/\\\/sambhali-swiss.ch\\\/#website\"},\"primaryImageOfPage\":{\"@id\":\"https:\\\/\\\/sambhali-swiss.ch\\\/index.php\\\/ziele\\\/#primaryimage\"},\"image\":{\"@id\":\"https:\\\/\\\/sambhali-swiss.ch\\\/index.php\\\/ziele\\\/#primaryimage\"},\"thumbnailUrl\":\"https:\\\/\\\/www.sambhali-austria.at\\\/wp-content\\\/uploads\\\/2023\\\/08\\\/image-2.png\",\"datePublished\":\"2024-01-06T18:21:49+00:00\",\"dateModified\":\"2024-12-15T23:57:33+00:00\",\"breadcrumb\":{\"@id\":\"https:\\\/\\\/sambhali-swiss.ch\\\/index.php\\\/ziele\\\/#breadcrumb\"},\"inLanguage\":\"de\",\"potentialAction\":[{\"@type\":\"ReadAction\",\"target\":[\"https:\\\/\\\/sambhali-swiss.ch\\\/index.php\\\/ziele\\\/\"]}]},{\"@type\":\"ImageObject\",\"inLanguage\":\"de\",\"@id\":\"https:\\\/\\\/sambhali-swiss.ch\\\/index.php\\\/ziele\\\/#primaryimage\",\"url\":\"https:\\\/\\\/www.sambhali-austria.at\\\/wp-content\\\/uploads\\\/2023\\\/08\\\/image-2.png\",\"contentUrl\":\"https:\\\/\\\/www.sambhali-austria.at\\\/wp-content\\\/uploads\\\/2023\\\/08\\\/image-2.png\"},{\"@type\":\"BreadcrumbList\",\"@id\":\"https:\\\/\\\/sambhali-swiss.ch\\\/index.php\\\/ziele\\\/#breadcrumb\",\"itemListElement\":[{\"@type\":\"ListItem\",\"position\":1,\"name\":\"Startseite\",\"item\":\"https:\\\/\\\/sambhali-swiss.ch\\\/\"},{\"@type\":\"ListItem\",\"position\":2,\"name\":\"Ziele\"}]},{\"@type\":\"WebSite\",\"@id\":\"https:\\\/\\\/sambhali-swiss.ch\\\/#website\",\"url\":\"https:\\\/\\\/sambhali-swiss.ch\\\/\",\"name\":\"Sambhali Swiss\",\"description\":\"F\u00fcr ein w\u00fcrdevolles Leben\",\"publisher\":{\"@id\":\"https:\\\/\\\/sambhali-swiss.ch\\\/#organization\"},\"potentialAction\":[{\"@type\":\"SearchAction\",\"target\":{\"@type\":\"EntryPoint\",\"urlTemplate\":\"https:\\\/\\\/sambhali-swiss.ch\\\/?s={search_term_string}\"},\"query-input\":{\"@type\":\"PropertyValueSpecification\",\"valueRequired\":true,\"valueName\":\"search_term_string\"}}],\"inLanguage\":\"de\"},{\"@type\":\"Organization\",\"@id\":\"https:\\\/\\\/sambhali-swiss.ch\\\/#organization\",\"name\":\"Sambhali Swiss\",\"url\":\"https:\\\/\\\/sambhali-swiss.ch\\\/\",\"logo\":{\"@type\":\"ImageObject\",\"inLanguage\":\"de\",\"@id\":\"https:\\\/\\\/sambhali-swiss.ch\\\/#\\\/schema\\\/logo\\\/image\\\/\",\"url\":\"https:\\\/\\\/sambhali-swiss.ch\\\/wp-content\\\/uploads\\\/2024\\\/12\\\/cropped-cropped-android-chrome-512x512-1.png\",\"contentUrl\":\"https:\\\/\\\/sambhali-swiss.ch\\\/wp-content\\\/uploads\\\/2024\\\/12\\\/cropped-cropped-android-chrome-512x512-1.png\",\"width\":512,\"height\":512,\"caption\":\"Sambhali Swiss\"},\"image\":{\"@id\":\"https:\\\/\\\/sambhali-swiss.ch\\\/#\\\/schema\\\/logo\\\/image\\\/\"}}]}<\/script>\n<!-- \/ Yoast SEO plugin. -->","yoast_head_json":{"title":"Sambhali Swiss - Ziele","robots":{"index":"index","follow":"follow","max-snippet":"max-snippet:-1","max-image-preview":"max-image-preview:large","max-video-preview":"max-video-preview:-1"},"canonical":"https:\/\/sambhali-swiss.ch\/index.php\/ziele\/","og_locale":"de_DE","og_type":"article","og_title":"Sambhali Swiss - Ziele","og_description":"Wir glauben an die Kraft und an die F\u00e4higkeiten der Frauen und M\u00e4dchen. Das Ziel von Sambhali Trust und\u00a0Sambhali Schweiz ist es, Selbstwertgef\u00fchl, Unabh\u00e4ngigkeit, Sicherheit und Selbstverantwortung der unterprivilegierten indischen Frauen aufzubauen. Fast 18.000 Frauen und M\u00e4dchen konnte durch Vermittlung von Grundbildung, finanzieller Unterst\u00fctzung sowie Berufsausbildung zu Unabh\u00e4ngigkeit und sozialer Anerkennung verholfen werden. Wir arbeiten&hellip; Ziele weiterlesen","og_url":"https:\/\/sambhali-swiss.ch\/index.php\/ziele\/","og_site_name":"Sambhali Swiss","article_modified_time":"2024-12-15T23:57:33+00:00","og_image":[{"width":3546,"height":978,"url":"https:\/\/sambhali-swiss.ch\/wp-content\/uploads\/2024\/12\/logo-sambhali-swiss-1.png","type":"image\/png"}],"twitter_card":"summary_large_image","twitter_misc":{"Gesch\u00e4tzte Lesezeit":"2\u00a0Minuten"},"schema":{"@context":"https:\/\/schema.org","@graph":[{"@type":"WebPage","@id":"https:\/\/sambhali-swiss.ch\/index.php\/ziele\/","url":"https:\/\/sambhali-swiss.ch\/index.php\/ziele\/","name":"Sambhali Swiss - Ziele","isPartOf":{"@id":"https:\/\/sambhali-swiss.ch\/#website"},"primaryImageOfPage":{"@id":"https:\/\/sambhali-swiss.ch\/index.php\/ziele\/#primaryimage"},"image":{"@id":"https:\/\/sambhali-swiss.ch\/index.php\/ziele\/#primaryimage"},"thumbnailUrl":"https:\/\/www.sambhali-austria.at\/wp-content\/uploads\/2023\/08\/image-2.png","datePublished":"2024-01-06T18:21:49+00:00","dateModified":"2024-12-15T23:57:33+00:00","breadcrumb":{"@id":"https:\/\/sambhali-swiss.ch\/index.php\/ziele\/#breadcrumb"},"inLanguage":"de","potentialAction":[{"@type":"ReadAction","target":["https:\/\/sambhali-swiss.ch\/index.php\/ziele\/"]}]},{"@type":"ImageObject","inLanguage":"de","@id":"https:\/\/sambhali-swiss.ch\/index.php\/ziele\/#primaryimage","url":"https:\/\/www.sambhali-austria.at\/wp-content\/uploads\/2023\/08\/image-2.png","contentUrl":"https:\/\/www.sambhali-austria.at\/wp-content\/uploads\/2023\/08\/image-2.png"},{"@type":"BreadcrumbList","@id":"https:\/\/sambhali-swiss.ch\/index.php\/ziele\/#breadcrumb","itemListElement":[{"@type":"ListItem","position":1,"name":"Startseite","item":"https:\/\/sambhali-swiss.ch\/"},{"@type":"ListItem","position":2,"name":"Ziele"}]},{"@type":"WebSite","@id":"https:\/\/sambhali-swiss.ch\/#website","url":"https:\/\/sambhali-swiss.ch\/","name":"Sambhali Swiss","description":"F\u00fcr ein w\u00fcrdevolles Leben","publisher":{"@id":"https:\/\/sambhali-swiss.ch\/#organization"},"potentialAction":[{"@type":"SearchAction","target":{"@type":"EntryPoint","urlTemplate":"https:\/\/sambhali-swiss.ch\/?s={search_term_string}"},"query-input":{"@type":"PropertyValueSpecification","valueRequired":true,"valueName":"search_term_string"}}],"inLanguage":"de"},{"@type":"Organization","@id":"https:\/\/sambhali-swiss.ch\/#organization","name":"Sambhali Swiss","url":"https:\/\/sambhali-swiss.ch\/","logo":{"@type":"ImageObject","inLanguage":"de","@id":"https:\/\/sambhali-swiss.ch\/#\/schema\/logo\/image\/","url":"https:\/\/sambhali-swiss.ch\/wp-content\/uploads\/2024\/12\/cropped-cropped-android-chrome-512x512-1.png","contentUrl":"https:\/\/sambhali-swiss.ch\/wp-content\/uploads\/2024\/12\/cropped-cropped-android-chrome-512x512-1.png","width":512,"height":512,"caption":"Sambhali Swiss"},"image":{"@id":"https:\/\/sambhali-swiss.ch\/#\/schema\/logo\/image\/"}}]}},"_links":{"self":[{"href":"https:\/\/sambhali-swiss.ch\/index.php\/wp-json\/wp\/v2\/pages\/21","targetHints":{"allow":["GET"]}}],"collection":[{"href":"https:\/\/sambhali-swiss.ch\/index.php\/wp-json\/wp\/v2\/pages"}],"about":[{"href":"https:\/\/sambhali-swiss.ch\/index.php\/wp-json\/wp\/v2\/types\/page"}],"author":[{"embeddable":true,"href":"https:\/\/sambhali-swiss.ch\/index.php\/wp-json\/wp\/v2\/users\/2"}],"replies":[{"embeddable":true,"href":"https:\/\/sambhali-swiss.ch\/index.php\/wp-json\/wp\/v2\/comments?post=21"}],"version-history":[{"count":2,"href":"https:\/\/sambhali-swiss.ch\/index.php\/wp-json\/wp\/v2\/pages\/21\/revisions"}],"predecessor-version":[{"id":66,"href":"https:\/\/sambhali-swiss.ch\/index.php\/wp-json\/wp\/v2\/pages\/21\/revisions\/66"}],"wp:attachment":[{"href":"https:\/\/sambhali-swiss.ch\/index.php\/wp-json\/wp\/v2\/media?parent=21"}],"curies":[{"name":"wp","href":"https:\/\/api.w.org\/{rel}","templated":true}]}}