{"id":23,"date":"2024-01-06T18:21:14","date_gmt":"2024-01-06T18:21:14","guid":{"rendered":"https:\/\/sambhali-swiss.ch\/?page_id=23"},"modified":"2024-12-15T23:56:25","modified_gmt":"2024-12-15T23:56:25","slug":"projekte","status":"publish","type":"page","link":"https:\/\/sambhali-swiss.ch\/index.php\/projekte\/","title":{"rendered":"Projekte"},"content":{"rendered":"\n<p>Die verschiedenen Sambhali Projekte erm\u00f6glicht ein vielf\u00e4ltiges Bildungs- und Unterst\u00fctzungsprogramm.&nbsp;<strong>Ziel<\/strong>&nbsp;ist es, den Selbstwert, das Gemeinschaftsgef\u00fchl und die Unabh\u00e4ngigkeit der Teilnehmer*innen zu f\u00f6rdern und zu st\u00e4rken.<\/p>\n\n\n\n<figure class=\"wp-block-image\"><img decoding=\"async\" src=\"https:\/\/www.sambhali-austria.at\/wp-content\/uploads\/2023\/08\/image-8.png\" alt=\"\" class=\"wp-image-396\"\/><\/figure>\n\n\n\n<figure class=\"wp-block-image\"><img decoding=\"async\" src=\"https:\/\/www.sambhali-austria.at\/wp-content\/uploads\/2023\/08\/image-9.png\" alt=\"\" class=\"wp-image-397\"\/><\/figure>\n\n\n\n<figure class=\"wp-block-image\"><img decoding=\"async\" src=\"https:\/\/www.sambhali-austria.at\/wp-content\/uploads\/2023\/08\/image-10.png\" alt=\"\" class=\"wp-image-398\"\/><\/figure>\n\n\n\n<h4 class=\"wp-block-heading\"><strong>Sambhali Saheli<\/strong><\/h4>\n\n\n\n<p>\u201eEmpowerment Centres\u201c vermitteln grundlegende Kenntnisse in Hindi, Mathematik, Englisch und in der Allgemeinbildung sowie N\u00e4hen und Sticken.<br>Das Mikrokreditprogramm erm\u00f6glicht den Frauen eigene kleine Unternehmen zu gr\u00fcnden, wie z. B. Shops.<\/p>\n\n\n\n<h4 class=\"wp-block-heading\"><strong>Sambhali Samarath<\/strong><\/h4>\n\n\n\n<p>\u201eNo Bad Touch\u201c sensibilisiert Kinder, Eltern und Lehrer hinsichtlich sexuellen Missbrauchs.<br>Das \u201eSOS-Nothilfefond-Project\u201c ist eine Beratungshotline und leistet rechtliche, medizinische und psychologische Hilfe f\u00fcr in Not geratene Frauen und Familien.<br>Das Projekt \u201eGarima (LGBTQ-Rechte) bietet eine sichere Anlaufstelle und Unterst\u00fctzung f\u00fcr Angeh\u00f6rige der LGBTQIA+-Community.<\/p>\n\n\n\n<h4 class=\"wp-block-heading\"><strong>Sambhali Shiksha<\/strong><\/h4>\n\n\n\n<p>In \u201eBoarding Homes\u201c (Internaten) k\u00f6nnen M\u00e4dchen aus dem W\u00fcstendorf Setrawa in Ruhe lernen.<br>Das \u201eScholarship Program\u201c erm\u00f6glicht Kindern aus armen Familien den Besuch einer guten Privatschule.<br>\u201ePrimary Education Centres\u201c f\u00fchren Kinder an den Schulbesuch heranhat Kontextmen\u00fc.<\/p>\n\n\n\n<h4 class=\"wp-block-heading\"><strong>Sambhali Sutra<\/strong><\/h4>\n\n\n\n<p>Von den Frauen handwerklich hergestellte Produkte werden in der Sambhali Boutique verkauft.<\/p>\n\n\n\n<p><a href=\"https:\/\/www.sambhali.org\/our-work\">Klicken Sie hier, um mehr zu erfahren.<\/a><\/p>\n\n\n\n<div class=\"wp-block-columns is-layout-flex wp-container-core-columns-is-layout-9d6595d7 wp-block-columns-is-layout-flex\">\n<div class=\"wp-block-column is-layout-flow wp-block-column-is-layout-flow\"><\/div>\n<\/div>\n\n\n\n<div class=\"wp-block-columns is-layout-flex wp-container-core-columns-is-layout-9d6595d7 wp-block-columns-is-layout-flex\">\n<div class=\"wp-block-column is-layout-flow wp-block-column-is-layout-flow\">\n<figure class=\"wp-block-embed\"><div class=\"wp-block-embed__wrapper\">\nhttps:\/\/de.wikipedia.org\/wiki\/Sambhali_Trust\n<\/div><\/figure>\n<\/div>\n<\/div>\n","protected":false},"excerpt":{"rendered":"<p>Die verschiedenen Sambhali Projekte erm\u00f6glicht ein vielf\u00e4ltiges Bildungs- und Unterst\u00fctzungsprogramm.&nbsp;Ziel&nbsp;ist es, den Selbstwert, das Gemeinschaftsgef\u00fchl und die Unabh\u00e4ngigkeit der Teilnehmer*innen zu f\u00f6rdern und zu st\u00e4rken. Sambhali Saheli \u201eEmpowerment Centres\u201c vermitteln grundlegende Kenntnisse in Hindi, Mathematik, Englisch und in der Allgemeinbildung sowie N\u00e4hen und Sticken.Das Mikrokreditprogramm erm\u00f6glicht den Frauen eigene kleine Unternehmen zu gr\u00fcnden, wie z.&hellip; <a class=\"more-link\" href=\"https:\/\/sambhali-swiss.ch\/index.php\/projekte\/\"><span class=\"screen-reader-text\">Projekte<\/span> weiterlesen<\/a><\/p>\n","protected":false},"author":2,"featured_media":0,"parent":0,"menu_order":0,"comment_status":"closed","ping_status":"closed","template":"","meta":{"footnotes":""},"class_list":["post-23","page","type-page","status-publish","hentry","entry"],"yoast_head":"<!-- This site is optimized with the Yoast SEO plugin v27.4 - https:\/\/yoast.com\/product\/yoast-seo-wordpress\/ -->\n<title>Sambhali Swiss - Projekte<\/title>\n<meta name=\"robots\" content=\"index, follow, max-snippet:-1, max-image-preview:large, max-video-preview:-1\" \/>\n<link rel=\"canonical\" href=\"https:\/\/sambhali-swiss.ch\/index.php\/projekte\/\" \/>\n<meta property=\"og:locale\" content=\"de_DE\" \/>\n<meta property=\"og:type\" content=\"article\" \/>\n<meta property=\"og:title\" content=\"Sambhali Swiss - Projekte\" \/>\n<meta property=\"og:description\" content=\"Die verschiedenen Sambhali Projekte erm\u00f6glicht ein vielf\u00e4ltiges Bildungs- und Unterst\u00fctzungsprogramm.&nbsp;Ziel&nbsp;ist es, den Selbstwert, das Gemeinschaftsgef\u00fchl und die Unabh\u00e4ngigkeit der Teilnehmer*innen zu f\u00f6rdern und zu st\u00e4rken. Sambhali Saheli \u201eEmpowerment Centres\u201c vermitteln grundlegende Kenntnisse in Hindi, Mathematik, Englisch und in der Allgemeinbildung sowie N\u00e4hen und Sticken.Das Mikrokreditprogramm erm\u00f6glicht den Frauen eigene kleine Unternehmen zu gr\u00fcnden, wie z.&hellip; Projekte weiterlesen\" \/>\n<meta property=\"og:url\" content=\"https:\/\/sambhali-swiss.ch\/index.php\/projekte\/\" \/>\n<meta property=\"og:site_name\" content=\"Sambhali Swiss\" \/>\n<meta property=\"article:modified_time\" content=\"2024-12-15T23:56:25+00:00\" \/>\n<meta property=\"og:image\" content=\"https:\/\/sambhali-swiss.ch\/wp-content\/uploads\/2024\/12\/logo-sambhali-swiss-1.png\" \/>\n\t<meta property=\"og:image:width\" content=\"3546\" \/>\n\t<meta property=\"og:image:height\" content=\"978\" \/>\n\t<meta property=\"og:image:type\" content=\"image\/png\" \/>\n<meta name=\"twitter:card\" content=\"summary_large_image\" \/>\n<meta name=\"twitter:label1\" content=\"Gesch\u00e4tzte Lesezeit\" \/>\n\t<meta name=\"twitter:data1\" content=\"2\u00a0Minuten\" \/>\n<script type=\"application\/ld+json\" class=\"yoast-schema-graph\">{\"@context\":\"https:\\\/\\\/schema.org\",\"@graph\":[{\"@type\":\"WebPage\",\"@id\":\"https:\\\/\\\/sambhali-swiss.ch\\\/index.php\\\/projekte\\\/\",\"url\":\"https:\\\/\\\/sambhali-swiss.ch\\\/index.php\\\/projekte\\\/\",\"name\":\"Sambhali Swiss - Projekte\",\"isPartOf\":{\"@id\":\"https:\\\/\\\/sambhali-swiss.ch\\\/#website\"},\"primaryImageOfPage\":{\"@id\":\"https:\\\/\\\/sambhali-swiss.ch\\\/index.php\\\/projekte\\\/#primaryimage\"},\"image\":{\"@id\":\"https:\\\/\\\/sambhali-swiss.ch\\\/index.php\\\/projekte\\\/#primaryimage\"},\"thumbnailUrl\":\"https:\\\/\\\/www.sambhali-austria.at\\\/wp-content\\\/uploads\\\/2023\\\/08\\\/image-8.png\",\"datePublished\":\"2024-01-06T18:21:14+00:00\",\"dateModified\":\"2024-12-15T23:56:25+00:00\",\"breadcrumb\":{\"@id\":\"https:\\\/\\\/sambhali-swiss.ch\\\/index.php\\\/projekte\\\/#breadcrumb\"},\"inLanguage\":\"de\",\"potentialAction\":[{\"@type\":\"ReadAction\",\"target\":[\"https:\\\/\\\/sambhali-swiss.ch\\\/index.php\\\/projekte\\\/\"]}]},{\"@type\":\"ImageObject\",\"inLanguage\":\"de\",\"@id\":\"https:\\\/\\\/sambhali-swiss.ch\\\/index.php\\\/projekte\\\/#primaryimage\",\"url\":\"https:\\\/\\\/www.sambhali-austria.at\\\/wp-content\\\/uploads\\\/2023\\\/08\\\/image-8.png\",\"contentUrl\":\"https:\\\/\\\/www.sambhali-austria.at\\\/wp-content\\\/uploads\\\/2023\\\/08\\\/image-8.png\"},{\"@type\":\"BreadcrumbList\",\"@id\":\"https:\\\/\\\/sambhali-swiss.ch\\\/index.php\\\/projekte\\\/#breadcrumb\",\"itemListElement\":[{\"@type\":\"ListItem\",\"position\":1,\"name\":\"Startseite\",\"item\":\"https:\\\/\\\/sambhali-swiss.ch\\\/\"},{\"@type\":\"ListItem\",\"position\":2,\"name\":\"Projekte\"}]},{\"@type\":\"WebSite\",\"@id\":\"https:\\\/\\\/sambhali-swiss.ch\\\/#website\",\"url\":\"https:\\\/\\\/sambhali-swiss.ch\\\/\",\"name\":\"Sambhali Swiss\",\"description\":\"F\u00fcr ein w\u00fcrdevolles Leben\",\"publisher\":{\"@id\":\"https:\\\/\\\/sambhali-swiss.ch\\\/#organization\"},\"potentialAction\":[{\"@type\":\"SearchAction\",\"target\":{\"@type\":\"EntryPoint\",\"urlTemplate\":\"https:\\\/\\\/sambhali-swiss.ch\\\/?s={search_term_string}\"},\"query-input\":{\"@type\":\"PropertyValueSpecification\",\"valueRequired\":true,\"valueName\":\"search_term_string\"}}],\"inLanguage\":\"de\"},{\"@type\":\"Organization\",\"@id\":\"https:\\\/\\\/sambhali-swiss.ch\\\/#organization\",\"name\":\"Sambhali Swiss\",\"url\":\"https:\\\/\\\/sambhali-swiss.ch\\\/\",\"logo\":{\"@type\":\"ImageObject\",\"inLanguage\":\"de\",\"@id\":\"https:\\\/\\\/sambhali-swiss.ch\\\/#\\\/schema\\\/logo\\\/image\\\/\",\"url\":\"https:\\\/\\\/sambhali-swiss.ch\\\/wp-content\\\/uploads\\\/2024\\\/12\\\/cropped-cropped-android-chrome-512x512-1.png\",\"contentUrl\":\"https:\\\/\\\/sambhali-swiss.ch\\\/wp-content\\\/uploads\\\/2024\\\/12\\\/cropped-cropped-android-chrome-512x512-1.png\",\"width\":512,\"height\":512,\"caption\":\"Sambhali Swiss\"},\"image\":{\"@id\":\"https:\\\/\\\/sambhali-swiss.ch\\\/#\\\/schema\\\/logo\\\/image\\\/\"}}]}<\/script>\n<!-- \/ Yoast SEO plugin. -->","yoast_head_json":{"title":"Sambhali Swiss - Projekte","robots":{"index":"index","follow":"follow","max-snippet":"max-snippet:-1","max-image-preview":"max-image-preview:large","max-video-preview":"max-video-preview:-1"},"canonical":"https:\/\/sambhali-swiss.ch\/index.php\/projekte\/","og_locale":"de_DE","og_type":"article","og_title":"Sambhali Swiss - Projekte","og_description":"Die verschiedenen Sambhali Projekte erm\u00f6glicht ein vielf\u00e4ltiges Bildungs- und Unterst\u00fctzungsprogramm.&nbsp;Ziel&nbsp;ist es, den Selbstwert, das Gemeinschaftsgef\u00fchl und die Unabh\u00e4ngigkeit der Teilnehmer*innen zu f\u00f6rdern und zu st\u00e4rken. Sambhali Saheli \u201eEmpowerment Centres\u201c vermitteln grundlegende Kenntnisse in Hindi, Mathematik, Englisch und in der Allgemeinbildung sowie N\u00e4hen und Sticken.Das Mikrokreditprogramm erm\u00f6glicht den Frauen eigene kleine Unternehmen zu gr\u00fcnden, wie z.&hellip; Projekte weiterlesen","og_url":"https:\/\/sambhali-swiss.ch\/index.php\/projekte\/","og_site_name":"Sambhali Swiss","article_modified_time":"2024-12-15T23:56:25+00:00","og_image":[{"width":3546,"height":978,"url":"https:\/\/sambhali-swiss.ch\/wp-content\/uploads\/2024\/12\/logo-sambhali-swiss-1.png","type":"image\/png"}],"twitter_card":"summary_large_image","twitter_misc":{"Gesch\u00e4tzte Lesezeit":"2\u00a0Minuten"},"schema":{"@context":"https:\/\/schema.org","@graph":[{"@type":"WebPage","@id":"https:\/\/sambhali-swiss.ch\/index.php\/projekte\/","url":"https:\/\/sambhali-swiss.ch\/index.php\/projekte\/","name":"Sambhali Swiss - Projekte","isPartOf":{"@id":"https:\/\/sambhali-swiss.ch\/#website"},"primaryImageOfPage":{"@id":"https:\/\/sambhali-swiss.ch\/index.php\/projekte\/#primaryimage"},"image":{"@id":"https:\/\/sambhali-swiss.ch\/index.php\/projekte\/#primaryimage"},"thumbnailUrl":"https:\/\/www.sambhali-austria.at\/wp-content\/uploads\/2023\/08\/image-8.png","datePublished":"2024-01-06T18:21:14+00:00","dateModified":"2024-12-15T23:56:25+00:00","breadcrumb":{"@id":"https:\/\/sambhali-swiss.ch\/index.php\/projekte\/#breadcrumb"},"inLanguage":"de","potentialAction":[{"@type":"ReadAction","target":["https:\/\/sambhali-swiss.ch\/index.php\/projekte\/"]}]},{"@type":"ImageObject","inLanguage":"de","@id":"https:\/\/sambhali-swiss.ch\/index.php\/projekte\/#primaryimage","url":"https:\/\/www.sambhali-austria.at\/wp-content\/uploads\/2023\/08\/image-8.png","contentUrl":"https:\/\/www.sambhali-austria.at\/wp-content\/uploads\/2023\/08\/image-8.png"},{"@type":"BreadcrumbList","@id":"https:\/\/sambhali-swiss.ch\/index.php\/projekte\/#breadcrumb","itemListElement":[{"@type":"ListItem","position":1,"name":"Startseite","item":"https:\/\/sambhali-swiss.ch\/"},{"@type":"ListItem","position":2,"name":"Projekte"}]},{"@type":"WebSite","@id":"https:\/\/sambhali-swiss.ch\/#website","url":"https:\/\/sambhali-swiss.ch\/","name":"Sambhali Swiss","description":"F\u00fcr ein w\u00fcrdevolles Leben","publisher":{"@id":"https:\/\/sambhali-swiss.ch\/#organization"},"potentialAction":[{"@type":"SearchAction","target":{"@type":"EntryPoint","urlTemplate":"https:\/\/sambhali-swiss.ch\/?s={search_term_string}"},"query-input":{"@type":"PropertyValueSpecification","valueRequired":true,"valueName":"search_term_string"}}],"inLanguage":"de"},{"@type":"Organization","@id":"https:\/\/sambhali-swiss.ch\/#organization","name":"Sambhali Swiss","url":"https:\/\/sambhali-swiss.ch\/","logo":{"@type":"ImageObject","inLanguage":"de","@id":"https:\/\/sambhali-swiss.ch\/#\/schema\/logo\/image\/","url":"https:\/\/sambhali-swiss.ch\/wp-content\/uploads\/2024\/12\/cropped-cropped-android-chrome-512x512-1.png","contentUrl":"https:\/\/sambhali-swiss.ch\/wp-content\/uploads\/2024\/12\/cropped-cropped-android-chrome-512x512-1.png","width":512,"height":512,"caption":"Sambhali Swiss"},"image":{"@id":"https:\/\/sambhali-swiss.ch\/#\/schema\/logo\/image\/"}}]}},"_links":{"self":[{"href":"https:\/\/sambhali-swiss.ch\/index.php\/wp-json\/wp\/v2\/pages\/23","targetHints":{"allow":["GET"]}}],"collection":[{"href":"https:\/\/sambhali-swiss.ch\/index.php\/wp-json\/wp\/v2\/pages"}],"about":[{"href":"https:\/\/sambhali-swiss.ch\/index.php\/wp-json\/wp\/v2\/types\/page"}],"author":[{"embeddable":true,"href":"https:\/\/sambhali-swiss.ch\/index.php\/wp-json\/wp\/v2\/users\/2"}],"replies":[{"embeddable":true,"href":"https:\/\/sambhali-swiss.ch\/index.php\/wp-json\/wp\/v2\/comments?post=23"}],"version-history":[{"count":3,"href":"https:\/\/sambhali-swiss.ch\/index.php\/wp-json\/wp\/v2\/pages\/23\/revisions"}],"predecessor-version":[{"id":70,"href":"https:\/\/sambhali-swiss.ch\/index.php\/wp-json\/wp\/v2\/pages\/23\/revisions\/70"}],"wp:attachment":[{"href":"https:\/\/sambhali-swiss.ch\/index.php\/wp-json\/wp\/v2\/media?parent=23"}],"curies":[{"name":"wp","href":"https:\/\/api.w.org\/{rel}","templated":true}]}}